{"id":2,"date":"2016-08-18T19:45:32","date_gmt":"2016-08-18T17:45:32","guid":{"rendered":"https:\/\/schnauzemitherz.de\/wp\/?page_id=2"},"modified":"2026-03-12T21:27:16","modified_gmt":"2026-03-12T19:27:16","slug":"beispiel-seite","status":"publish","type":"page","link":"https:\/\/schnauzemitherz.de\/wp\/?page_id=2","title":{"rendered":"Impressum"},"content":{"rendered":"<p>Impressum<\/p>\n<p>Nadine Koch<\/p>\n<p>Danneckerstr. 16<\/p>\n<p>10245 Berlin<\/p>\n<p><a href=\"https:\/\/schnauzemitherz.de\/wp\/wp-content\/uploads\/2016\/08\/imp.png\"><img decoding=\"async\" loading=\"lazy\" class=\"alignnone size-full wp-image-104\" src=\"https:\/\/schnauzemitherz.de\/wp\/wp-content\/uploads\/2016\/08\/imp.png\" alt=\"imp\" width=\"181\" height=\"22\"><\/a><\/p>\n<p><a href=\"https:\/\/schnauzemitherz.de\/wp\/wp-content\/uploads\/2019\/01\/logo3.png\"><img decoding=\"async\" loading=\"lazy\" class=\"alignnone size-medium wp-image-128\" src=\"https:\/\/schnauzemitherz.de\/wp\/wp-content\/uploads\/2019\/01\/logo3-74x300.png\" alt=\"logo\" width=\"74\" height=\"300\"><\/a><\/p>\n<p><em>\u00a9 Copyright 2016&nbsp; Alle Inhalte, insbesondere Fotografien und Grafiken, sind urheberrechtlich gesch\u00fctzt. Alle Rechte, einschlie\u00dflich der Vervielf\u00e4tigung, Ver\u00f6ffentlichung und Bearbeitung bleiben vorbehalten.<\/em><\/p>\n<p><em> Bei Interesse an diesen Bildern&nbsp; wenden Sie sich bitte gerne per email an mich. <\/em><\/p>\n","protected":false},"excerpt":{"rendered":"<p>Impressum Nadine Koch Danneckerstr. 16 10245 Berlin \u00a9 Copyright 2016&nbsp; Alle Inhalte, insbesondere Fotografien und Grafiken, sind urheberrechtlich gesch\u00fctzt. Alle Rechte, einschlie\u00dflich der Vervielf\u00e4tigung, Ver\u00f6ffentlichung und Bearbeitung bleiben vorbehalten. Bei Interesse an diesen Bildern&nbsp; wenden Sie sich bitte gerne per email an mich.<\/p>\n","protected":false},"author":1,"featured_media":0,"parent":0,"menu_order":100,"comment_status":"closed","ping_status":"closed","template":"","meta":{"ngg_post_thumbnail":0},"_links":{"self":[{"href":"https:\/\/schnauzemitherz.de\/wp\/index.php?rest_route=\/wp\/v2\/pages\/2"}],"collection":[{"href":"https:\/\/schnauzemitherz.de\/wp\/index.php?rest_route=\/wp\/v2\/pages"}],"about":[{"href":"https:\/\/schnauzemitherz.de\/wp\/index.php?rest_route=\/wp\/v2\/types\/page"}],"author":[{"embeddable":true,"href":"https:\/\/schnauzemitherz.de\/wp\/index.php?rest_route=\/wp\/v2\/users\/1"}],"replies":[{"embeddable":true,"href":"https:\/\/schnauzemitherz.de\/wp\/index.php?rest_route=%2Fwp%2Fv2%2Fcomments&post=2"}],"version-history":[{"count":8,"href":"https:\/\/schnauzemitherz.de\/wp\/index.php?rest_route=\/wp\/v2\/pages\/2\/revisions"}],"predecessor-version":[{"id":619,"href":"https:\/\/schnauzemitherz.de\/wp\/index.php?rest_route=\/wp\/v2\/pages\/2\/revisions\/619"}],"wp:attachment":[{"href":"https:\/\/schnauzemitherz.de\/wp\/index.php?rest_route=%2Fwp%2Fv2%2Fmedia&parent=2"}],"curies":[{"name":"wp","href":"https:\/\/api.w.org\/{rel}","templated":true}]}}