{"id":203,"date":"2019-01-06T22:14:58","date_gmt":"2019-01-06T20:14:58","guid":{"rendered":"https:\/\/schnauzemitherz.de\/wp\/?page_id=203"},"modified":"2026-03-12T21:27:28","modified_gmt":"2026-03-12T19:27:28","slug":"inhalt","status":"publish","type":"page","link":"https:\/\/schnauzemitherz.de\/wp\/?page_id=203","title":{"rendered":"Inhalt"},"content":{"rendered":"\n<p><a href=\"https:\/\/schnauzemitherz.de\/wp\/wp-admin\/edit.php?post_type=page\"><\/a><\/p>\n\n\n<p>hier findet ihr alle Beitr\u00e4ge alphabetisch sortiert:<\/p>\n<h5>A<\/h5>\n<h5>B<\/h5>\n<p><a title=\"Brandenburger Tor\" href=\"https:\/\/schnauzemitherz.de\/wp\/?p=198\">Brandenburger Tor<\/a><\/p>\n<h5>C<\/h5>\n<p><a href=\"https:\/\/schnauzemitherz.de\/wp\/?p=349\">Corona-Jahr-Urlaub<\/a><\/p>\n<h5><strong>E<\/strong><\/h5>\n<p><a href=\"https:\/\/schnauzemitherz.de\/wp\/?p=564\">eine Woche Foto-Urlaub<\/a><\/p>\n<h5>F<\/h5>\n<p><a title=\"Fehmarn\" href=\"https:\/\/schnauzemitherz.de\/wp\/?p=41\">Fehmarn<\/a><br><a title=\"Fensehturm\" href=\"https:\/\/schnauzemitherz.de\/wp\/?p=200\">Fernsehturm<\/a><\/p>\n<p><a href=\"https:\/\/schnauzemitherz.de\/wp\/?p=510\">Finistere &#8211; Das Ende der Welt<\/a><br><a title=\"Fr\u00c3\u00b6sche\" href=\"https:\/\/schnauzemitherz.de\/wp\/?p=220\">Fr\u00f6sche<\/a><br><a title=\"F\u00c3\u00bcchse\" href=\"https:\/\/schnauzemitherz.de\/wp\/?p=188\">F\u00fcchse<\/a><\/p>\n<p>G<\/p>\n<p><a href=\"https:\/\/schnauzemitherz.de\/wp\/?p=489\">Gezeitenbecken in der Bretagne<\/a><\/p>\n<h5>I<\/h5>\n<p><a title=\"im Wald\" href=\"https:\/\/schnauzemitherz.de\/wp\/?p=35\">Im Wald<\/a><\/p>\n<h5>O<\/h5>\n<p><a title=\"Osthafen\" href=\"https:\/\/schnauzemitherz.de\/wp\/?p=12\">Osthafen<\/a><\/p>\n<h5>P<\/h5>\n<p><a href=\"https:\/\/schnauzemitherz.de\/wp\/?p=227\"><span id=\"sample-permalink\" tabindex=\"-1\">Prerow<\/span><\/a><\/p>\n<h5>S<\/h5>\n<p><a title=\"Sonycenter\" href=\"https:\/\/schnauzemitherz.de\/wp\/?p=17\">Sonycenter<\/a><\/p>\n<p><a href=\"https:\/\/schnauzemitherz.de\/wp\/?p=292\">Stienitzsee<\/a><\/p>\n<h5>V<\/h5>\n<p><a href=\"https:\/\/schnauzemitherz.de\/wp\/?p=244\">V\u00f6gel<\/a><\/p>","protected":false},"excerpt":{"rendered":"<p>hier findet ihr alle Beitr\u00e4ge alphabetisch sortiert: A B Brandenburger Tor C Corona-Jahr-Urlaub E eine Woche Foto-Urlaub F FehmarnFernsehturm Finistere &#8211; Das Ende der WeltFr\u00f6scheF\u00fcchse G Gezeitenbecken in der Bretagne I Im Wald O Osthafen P Prerow S Sonycenter Stienitzsee V V\u00f6gel<\/p>\n","protected":false},"author":1,"featured_media":0,"parent":0,"menu_order":3,"comment_status":"closed","ping_status":"closed","template":"","meta":{"ngg_post_thumbnail":0},"_links":{"self":[{"href":"https:\/\/schnauzemitherz.de\/wp\/index.php?rest_route=\/wp\/v2\/pages\/203"}],"collection":[{"href":"https:\/\/schnauzemitherz.de\/wp\/index.php?rest_route=\/wp\/v2\/pages"}],"about":[{"href":"https:\/\/schnauzemitherz.de\/wp\/index.php?rest_route=\/wp\/v2\/types\/page"}],"author":[{"embeddable":true,"href":"https:\/\/schnauzemitherz.de\/wp\/index.php?rest_route=\/wp\/v2\/users\/1"}],"replies":[{"embeddable":true,"href":"https:\/\/schnauzemitherz.de\/wp\/index.php?rest_route=%2Fwp%2Fv2%2Fcomments&post=203"}],"version-history":[{"count":22,"href":"https:\/\/schnauzemitherz.de\/wp\/index.php?rest_route=\/wp\/v2\/pages\/203\/revisions"}],"predecessor-version":[{"id":617,"href":"https:\/\/schnauzemitherz.de\/wp\/index.php?rest_route=\/wp\/v2\/pages\/203\/revisions\/617"}],"wp:attachment":[{"href":"https:\/\/schnauzemitherz.de\/wp\/index.php?rest_route=%2Fwp%2Fv2%2Fmedia&parent=203"}],"curies":[{"name":"wp","href":"https:\/\/api.w.org\/{rel}","templated":true}]}}